{"id":41,"date":"2014-06-05T01:31:35","date_gmt":"2014-06-04T23:31:35","guid":{"rendered":"http:\/\/www.acypal.com\/WPEC\/?page_id=41"},"modified":"2014-07-21T23:11:06","modified_gmt":"2014-07-21T21:11:06","slug":"lineas-de-financiacion","status":"publish","type":"page","link":"http:\/\/www.acypal.com\/WPEC\/asociacion-comerciantes-y-profesionales-alfafar\/lineas-de-financiacion\/","title":{"rendered":"L\u00edneas de financiaci\u00f3n"},"content":{"rendered":"<div id=\"pl-41\"  class=\"panel-layout\" ><div id=\"pg-41-0\"  class=\"panel-grid panel-no-style\" ><div id=\"pgc-41-0-0\"  class=\"panel-grid-cell\" ><div id=\"panel-41-0-0-0\" class=\"so-panel widget widget_black-studio-tinymce widget_black_studio_tinymce panel-first-child panel-last-child\" data-index=\"0\" ><div class=\"textwidget\"><div class=\"content\" style=\"text-align: justify;\">\n<p><a href=\"http:\/\/www.acypal.com\/WPEC\/wp-content\/uploads\/2014\/06\/lineaFinanciacion.png\"><img loading=\"lazy\" decoding=\"async\" class=\"img-responsive wp-image-269 size-full alignleft\" src=\"http:\/\/www.acypal.com\/WPEC\/wp-content\/uploads\/2014\/06\/lineaFinanciacion.png\" alt=\"\" width=\"800\" height=\"293\" srcset=\"http:\/\/www.acypal.com\/WPEC\/wp-content\/uploads\/2014\/06\/lineaFinanciacion.png 800w, http:\/\/www.acypal.com\/WPEC\/wp-content\/uploads\/2014\/06\/lineaFinanciacion-300x109.png 300w\" sizes=\"(max-width: 800px) 100vw, 800px\" \/><\/a><span style=\"font-family: tahoma,arial,helvetica,sans-serif; font-size: 12pt;\">Desde Acypal queremos informarles de las ayudas y subvenciones publicadas para el ejercicio actual.<\/span><span style=\"font-family: tahoma,arial,helvetica,sans-serif; font-size: 12pt;\">Si desea m\u00e1s informaci\u00f3n sobre alguna de ellas o quiere saber si puede ser subvencionable alg\u00fan proyecto que tenga previsto realizar en su empresa, no dude en ponerse en contacto con Acypal.<\/span><\/p>\n<\/div>\n<div class=\"content\" style=\"text-align: justify;\">\u00a0<\/div>\n<h5 class=\"content\" style=\"text-align: justify;\"><strong><span style=\"font-family: tahoma,arial,helvetica,sans-serif; font-size: 12pt;\">SUBVENCIONES<\/span><\/strong><\/h5>\n<ul>\n<li><span style=\"font-family: tahoma,arial,helvetica,sans-serif; font-size: 12pt;\">Programa de ayudas de renovaci\u00f3n de veh\u00edculos comerciales \u2013 plan de impulso al medio ambiente \u201cpima aire\u201d<\/span><\/li>\n<li><span style=\"font-family: tahoma,arial,helvetica,sans-serif; font-size: 12pt;\">Orden de regulaci\u00f3n ayudas para internacionalizaci\u00f3n<\/span><\/li>\n<li><span style=\"font-family: tahoma,arial,helvetica,sans-serif; font-size: 12pt;\">Ayudas a la internacionalizaci\u00f3n de las pymes icex-exit<\/span><\/li>\n<li><span style=\"font-family: tahoma,arial,helvetica,sans-serif; font-size: 12pt;\">Plan de emprendimiento<\/span><\/li>\n<li><span style=\"font-family: tahoma,arial,helvetica,sans-serif; font-size: 12pt;\">Programa de contrataci\u00f3n de personal para gabinetes de I+D (expande)<\/span><\/li>\n<li><span style=\"font-family: tahoma,arial,helvetica,sans-serif; font-size: 12pt;\">Programa de est\u00edmulo a la deducci\u00f3n fiscal y al acceso a la I+D nacional e internacional<\/span><\/li>\n<li><span style=\"font-family: tahoma,arial,helvetica,sans-serif; font-size: 12pt;\">Programa de proyectos de I+D en cooperaci\u00f3n<\/span><\/li>\n<li><span style=\"font-family: tahoma,arial,helvetica,sans-serif; font-size: 12pt;\">Programa de investigaci\u00f3n y desarrollo pyme (I+D pyme)<\/span><\/li>\n<\/ul>\n<\/div><\/div><\/div><div id=\"pgc-41-0-1\"  class=\"panel-grid-cell\" ><div id=\"panel-41-0-1-0\" class=\"so-panel widget widget_black-studio-tinymce widget_black_studio_tinymce panel-first-child panel-last-child\" data-index=\"1\" ><div class=\"textwidget\"><p><span style=\"color: #000000;\"><strong><span style=\"font-family: tahoma,arial,helvetica,sans-serif; font-size: 12pt;\">M\u00e1s informaci\u00f3n:<\/span><\/strong><\/span><\/p>\n<p><br \/> <span style=\"font-family: tahoma,arial,helvetica,sans-serif; font-size: 12pt;\">- Instituto de Cr\u00e9dito Oficial<\/span><br \/> <span style=\"font-family: tahoma,arial,helvetica,sans-serif; font-size: 12pt;\">- Instituto Valenciano de Finanzas<\/span><br \/> <span style=\"font-family: tahoma,arial,helvetica,sans-serif; font-size: 12pt;\">- Empresa Nacional de Innovaci\u00f3n (ENISA)<\/span><br \/> <span style=\"font-family: tahoma,arial,helvetica,sans-serif; font-size: 12pt;\">- Sociedad de Garant\u00eda Rec\u00edproca (SGR)<\/span><br \/> <span style=\"font-family: tahoma,arial,helvetica,sans-serif; font-size: 12pt;\">- Inversi\u00f3n Privada. Business Angels<\/span><br \/> <span style=\"font-family: tahoma,arial,helvetica,sans-serif; font-size: 12pt;\">- Otras formas de financiaci\u00f3n (fte. CEEI)<\/span><\/p><\/div><\/div><\/div><\/div><\/div>","protected":false},"excerpt":{"rendered":"<p>Desde Acypal queremos informarles de las ayudas y subvenciones publicadas para el ejercicio actual.Si desea m\u00e1s informaci\u00f3n sobre alguna de ellas o quiere saber si puede ser subvencionable alg\u00fan proyecto que tenga previsto realizar en su empresa, no dude en ponerse en contacto con Acypal. \u00a0 SUBVENCIONES Programa de ayudas de renovaci\u00f3n de veh\u00edculos comerciales [&hellip;]<\/p>\n","protected":false},"author":1,"featured_media":0,"parent":86,"menu_order":0,"comment_status":"closed","ping_status":"closed","template":"full_width.php","meta":{"ngg_post_thumbnail":0,"_themeisle_gutenberg_block_has_review":false,"footnotes":""},"_links":{"self":[{"href":"http:\/\/www.acypal.com\/WPEC\/wp-json\/wp\/v2\/pages\/41"}],"collection":[{"href":"http:\/\/www.acypal.com\/WPEC\/wp-json\/wp\/v2\/pages"}],"about":[{"href":"http:\/\/www.acypal.com\/WPEC\/wp-json\/wp\/v2\/types\/page"}],"author":[{"embeddable":true,"href":"http:\/\/www.acypal.com\/WPEC\/wp-json\/wp\/v2\/users\/1"}],"replies":[{"embeddable":true,"href":"http:\/\/www.acypal.com\/WPEC\/wp-json\/wp\/v2\/comments?post=41"}],"version-history":[{"count":12,"href":"http:\/\/www.acypal.com\/WPEC\/wp-json\/wp\/v2\/pages\/41\/revisions"}],"predecessor-version":[{"id":650,"href":"http:\/\/www.acypal.com\/WPEC\/wp-json\/wp\/v2\/pages\/41\/revisions\/650"}],"up":[{"embeddable":true,"href":"http:\/\/www.acypal.com\/WPEC\/wp-json\/wp\/v2\/pages\/86"}],"wp:attachment":[{"href":"http:\/\/www.acypal.com\/WPEC\/wp-json\/wp\/v2\/media?parent=41"}],"curies":[{"name":"wp","href":"https:\/\/api.w.org\/{rel}","templated":true}]}}