{"id":36,"date":"2014-06-05T01:28:04","date_gmt":"2014-06-05T01:28:04","guid":{"rendered":"http:\/\/www.acypal.com\/WPEC\/?page_id=36"},"modified":"2014-07-21T23:03:04","modified_gmt":"2014-07-21T21:03:04","slug":"contacto","status":"publish","type":"page","link":"http:\/\/www.acypal.com\/WPEC\/contacto\/","title":{"rendered":"Contacto"},"content":{"rendered":"<div id=\"pl-36\"  class=\"panel-layout\" ><div id=\"pg-36-0\"  class=\"panel-grid panel-no-style\" ><div id=\"pgc-36-0-0\"  class=\"panel-grid-cell\" ><div id=\"panel-36-0-0-0\" class=\"so-panel widget widget_text panel-first-child panel-last-child\" data-index=\"0\" ><h3 class=\"widget-title\">Tel\u00e9fonos de contacto:<\/h3>\t\t\t<div class=\"textwidget\">961 10 52 92 - 644 30 97 29<\/div>\n\t\t<\/div><\/div><div id=\"pgc-36-0-1\"  class=\"panel-grid-cell\" ><div id=\"panel-36-0-1-0\" class=\"so-panel widget widget_text panel-first-child panel-last-child\" data-index=\"1\" ><h3 class=\"widget-title\">Correo electr\u00f3nico:<\/h3>\t\t\t<div class=\"textwidget\">acypal@acypal.com<\/div>\n\t\t<\/div><\/div><div id=\"pgc-36-0-2\"  class=\"panel-grid-cell\" ><div id=\"panel-36-0-2-0\" class=\"so-panel widget widget_text panel-first-child panel-last-child\" data-index=\"2\" ><h3 class=\"widget-title\">Direcci\u00f3n postal:<\/h3>\t\t\t<div class=\"textwidget\">Apdo. Postal n\u00ba 27, 46910 Alfafar VALENCIA<\/div>\n\t\t<\/div><\/div><\/div><div id=\"pg-36-1\"  class=\"panel-grid panel-no-style\" ><div id=\"pgc-36-1-0\"  class=\"panel-grid-cell\" ><div id=\"panel-36-1-0-0\" class=\"so-panel widget widget_black-studio-tinymce widget_black_studio_tinymce panel-first-child panel-last-child\" data-index=\"3\" ><h3 class=\"widget-title\">Te escuchamos<\/h3><div class=\"textwidget\"><p style=\"text-align: justify;\"><span style=\"font-family: tahoma,arial,helvetica,sans-serif; font-size: 12pt;\">Tanto si eres asociado (o piensas serlo), o eres un usuario de nuestra web o redes sociales, o un cliente de alguno de los comercios asociados o simplemente un vecino de Alfafar y tienes alguna <strong>sugerencia<\/strong>, <strong>queja<\/strong> o <strong>consulta<\/strong> que nos ayude a mejorar y favorecer a la asociaci\u00f3n y a nuestra localidad, por favor, env\u00edanosla a trav\u00e9s del siguiente formulario de contacto. No olvides poner tu nombre, correo electr\u00f3nico y tel\u00e9fono para que te podamos responder f\u00e1cilmentemente.<\/span><\/p>\n<\/div><\/div><\/div><div id=\"pgc-36-1-1\"  class=\"panel-grid-cell\" ><div id=\"panel-36-1-1-0\" class=\"so-panel widget widget_text panel-first-child panel-last-child\" data-index=\"4\" ><h3 class=\"widget-title\">Formulario de contacto<\/h3>\t\t\t<div class=\"textwidget\">\n<div role=\"form\" class=\"wpcf7\" id=\"wpcf7-f60-o1\" lang=\"es-ES\" dir=\"ltr\">\n<div class=\"screen-reader-response\"><\/div>\n<form action=\"\/WPEC\/wp-json\/wp\/v2\/pages\/36#wpcf7-f60-o1\" method=\"post\" class=\"wpcf7-form\" novalidate=\"novalidate\">\n<div style=\"display: none;\">\n<input type=\"hidden\" name=\"_wpcf7\" value=\"60\" \/>\n<input type=\"hidden\" name=\"_wpcf7_version\" value=\"5.1.1\" \/>\n<input type=\"hidden\" name=\"_wpcf7_locale\" value=\"es_ES\" \/>\n<input type=\"hidden\" name=\"_wpcf7_unit_tag\" value=\"wpcf7-f60-o1\" \/>\n<input type=\"hidden\" name=\"_wpcf7_container_post\" value=\"0\" \/>\n<input type=\"hidden\" name=\"g-recaptcha-response\" value=\"\" \/>\n<\/div>\n<p>Nombre (requerido)<br \/>\n    <span class=\"wpcf7-form-control-wrap your-name\"><input type=\"text\" name=\"your-name\" value=\"\" size=\"40\" class=\"wpcf7-form-control wpcf7-text wpcf7-validates-as-required\" aria-required=\"true\" aria-invalid=\"false\" \/><\/span> <\/p>\n<p>e-mail (requerido)<br \/>\n    <span class=\"wpcf7-form-control-wrap your-email\"><input type=\"email\" name=\"your-email\" value=\"\" size=\"40\" class=\"wpcf7-form-control wpcf7-text wpcf7-email wpcf7-validates-as-required wpcf7-validates-as-email\" aria-required=\"true\" aria-invalid=\"false\" \/><\/span> <\/p>\n<p>Tel\u00e9fono (requerido)<br \/>\n<span class=\"wpcf7-form-control-wrap tel-952\"><input type=\"tel\" name=\"tel-952\" value=\"\" size=\"40\" class=\"wpcf7-form-control wpcf7-text wpcf7-tel wpcf7-validates-as-required wpcf7-validates-as-tel\" aria-required=\"true\" aria-invalid=\"false\" \/><\/span><\/p>\n<p>Asunto<br \/>\n    <span class=\"wpcf7-form-control-wrap your-subject\"><input type=\"text\" name=\"your-subject\" value=\"\" size=\"40\" class=\"wpcf7-form-control wpcf7-text\" aria-invalid=\"false\" \/><\/span> <\/p>\n<p>Su mensaje<br \/>\n    <span class=\"wpcf7-form-control-wrap your-message\"><textarea name=\"your-message\" cols=\"40\" rows=\"10\" class=\"wpcf7-form-control wpcf7-textarea\" aria-invalid=\"false\"><\/textarea><\/span> <\/p>\n<p><input type=\"submit\" value=\"Enviar\" class=\"wpcf7-form-control wpcf7-submit\" \/><\/p>\n<div class=\"wpcf7-response-output wpcf7-display-none\"><\/div><\/form><\/div><\/div>\n\t\t<\/div><\/div><\/div><\/div>","protected":false},"excerpt":{"rendered":"<p>Tel\u00e9fonos de contacto: 961 10 52 92 &#8211; 644 30 97 29 Correo electr\u00f3nico: acypal@acypal.com Direcci\u00f3n postal: Apdo. Postal n\u00ba 27, 46910 Alfafar VALENCIA Te escuchamosTanto si eres asociado (o piensas serlo), o eres un usuario de nuestra web o redes sociales, o un cliente de alguno de los comercios asociados o simplemente un vecino [&hellip;]<\/p>\n","protected":false},"author":1,"featured_media":0,"parent":0,"menu_order":0,"comment_status":"closed","ping_status":"open","template":"","meta":{"ngg_post_thumbnail":0,"_themeisle_gutenberg_block_has_review":false,"footnotes":""},"_links":{"self":[{"href":"http:\/\/www.acypal.com\/WPEC\/wp-json\/wp\/v2\/pages\/36"}],"collection":[{"href":"http:\/\/www.acypal.com\/WPEC\/wp-json\/wp\/v2\/pages"}],"about":[{"href":"http:\/\/www.acypal.com\/WPEC\/wp-json\/wp\/v2\/types\/page"}],"author":[{"embeddable":true,"href":"http:\/\/www.acypal.com\/WPEC\/wp-json\/wp\/v2\/users\/1"}],"replies":[{"embeddable":true,"href":"http:\/\/www.acypal.com\/WPEC\/wp-json\/wp\/v2\/comments?post=36"}],"version-history":[{"count":17,"href":"http:\/\/www.acypal.com\/WPEC\/wp-json\/wp\/v2\/pages\/36\/revisions"}],"predecessor-version":[{"id":2924,"href":"http:\/\/www.acypal.com\/WPEC\/wp-json\/wp\/v2\/pages\/36\/revisions\/2924"}],"wp:attachment":[{"href":"http:\/\/www.acypal.com\/WPEC\/wp-json\/wp\/v2\/media?parent=36"}],"curies":[{"name":"wp","href":"https:\/\/api.w.org\/{rel}","templated":true}]}}