{"id":34,"date":"2014-06-05T01:27:43","date_gmt":"2014-06-04T23:27:43","guid":{"rendered":"http:\/\/www.acypal.com\/WPEC\/?page_id=34"},"modified":"2014-07-21T23:06:49","modified_gmt":"2014-07-21T21:06:49","slug":"lineas-de-actuacion","status":"publish","type":"page","link":"http:\/\/www.acypal.com\/WPEC\/asociacion-comerciantes-y-profesionales-alfafar\/lineas-de-actuacion\/","title":{"rendered":"L\u00edneas de actuaci\u00f3n"},"content":{"rendered":"<div id=\"pl-34\"  class=\"panel-layout\" ><div id=\"pg-34-0\"  class=\"panel-grid panel-no-style\" ><div id=\"pgc-34-0-0\"  class=\"panel-grid-cell\" ><div id=\"panel-34-0-0-0\" class=\"so-panel widget widget_black-studio-tinymce widget_black_studio_tinymce panel-first-child\" data-index=\"0\" ><div class=\"textwidget\"><p style=\"text-align: justify;\"><a href=\"http:\/\/www.acypal.com\/WPEC\/wp-content\/uploads\/2014\/06\/lineaActuacion.png\"><img loading=\"lazy\" decoding=\"async\" class=\"img-responsive aligncenter wp-image-268 size-full\" src=\"http:\/\/www.acypal.com\/WPEC\/wp-content\/uploads\/2014\/06\/lineaActuacion.png\" alt=\"\" width=\"800\" height=\"293\" srcset=\"http:\/\/www.acypal.com\/WPEC\/wp-content\/uploads\/2014\/06\/lineaActuacion.png 800w, http:\/\/www.acypal.com\/WPEC\/wp-content\/uploads\/2014\/06\/lineaActuacion-300x109.png 300w\" sizes=\"(max-width: 800px) 100vw, 800px\" \/><\/a><\/p>\n<\/div><\/div><div id=\"panel-34-0-0-1\" class=\"so-panel widget widget_black-studio-tinymce widget_black_studio_tinymce panel-last-child\" data-index=\"1\" ><div class=\"textwidget\"><p style=\"text-align: justify;\"><span style=\"font-size: 12pt; font-family: tahoma,arial,helvetica,sans-serif;\">Nuestras lineas de actuaci\u00f3n van encaminadas a:<\/span><\/p>\n<ul style=\"text-align: justify;\">\n<li><span style=\"font-size: 12pt; font-family: tahoma,arial,helvetica,sans-serif;\">Orientaci\u00f3n a nuestros asociad@s<\/span><\/li>\n<\/ul>\n<ul style=\"text-align: justify;\">\n<li><span style=\"font-size: 12pt; font-family: tahoma,arial,helvetica,sans-serif;\">Asesoramiento y apoyo a nuestros asociad@s<\/span><\/li>\n<\/ul>\n<p style=\"padding-left: 30px; text-align: justify;\"><span style=\"font-size: 12pt; font-family: tahoma,arial,helvetica,sans-serif;\"> \u00c1rea Fiscal,<\/span> <span style=\"font-size: 12pt; font-family: tahoma,arial,helvetica,sans-serif;\"> \u00c1rea Legal,<\/span> <span style=\"font-size: 12pt; font-family: tahoma,arial,helvetica,sans-serif;\"> \u00c1rea Comunicaci\u00f3n, y<\/span> <span style=\"font-size: 12pt; font-family: tahoma,arial,helvetica,sans-serif;\"> \u00c1rea Marketing<\/span><\/p>\n<ul style=\"text-align: justify;\">\n<li><span style=\"font-size: 12pt; font-family: tahoma,arial,helvetica,sans-serif;\">Formaci\u00f3n Continuada<\/span><\/li>\n<\/ul>\n<p style=\"text-align: justify;\"><span style=\"font-size: 12pt; font-family: tahoma,arial,helvetica,sans-serif;\">Nuestra cultura est\u00e1 basada en ofrecer a todos los integrantes todas las herramientas innovadoras y actuales para conseguir nuevas oportunidades y ventajas para el comercio de la localidad de Alfafar.<\/span><\/p>\n<\/div><\/div><\/div><div id=\"pgc-34-0-1\"  class=\"panel-grid-cell\" ><div id=\"panel-34-0-1-0\" class=\"so-panel widget widget_black-studio-tinymce widget_black_studio_tinymce panel-first-child\" data-index=\"2\" ><div class=\"textwidget\"><p style=\"text-align: justify;\"><strong><span style=\"font-size: 12pt; font-family: tahoma,arial,helvetica,sans-serif;\">Nuestra Misi\u00f3n<\/span><\/strong><\/p>\n<p style=\"text-align: justify;\"><span style=\"font-size: 12pt; font-family: tahoma,arial,helvetica,sans-serif;\">Es proporcionar recursos y crear alternativas para generar nuevas oportunidades a los empresari@s y profesionales de Alfafar<\/span><\/p>\n<\/div><\/div><div id=\"panel-34-0-1-1\" class=\"so-panel widget widget_black-studio-tinymce widget_black_studio_tinymce panel-last-child\" data-index=\"3\" ><div class=\"textwidget\"><p style=\"text-align: justify;\"><strong><span style=\"font-size: 12pt; font-family: tahoma,arial,helvetica,sans-serif;\">Nuestro Objetivo<\/span><\/strong><\/p>\n<p style=\"text-align: justify;\"><span style=\"font-size: 12pt; font-family: tahoma,arial,helvetica,sans-serif;\">Es trabajar d\u00eda a d\u00eda para convertir los comercios de Alfafar en unos negocios con un valor a\u00f1adido frente a las grandes superficies, un comercio con imagen y posicionamiento en el mercado.<\/span><\/p><\/div><\/div><\/div><\/div><\/div>","protected":false},"excerpt":{"rendered":"<p>Nuestras lineas de actuaci\u00f3n van encaminadas a: Orientaci\u00f3n a nuestros asociad@s Asesoramiento y apoyo a nuestros asociad@s \u00c1rea Fiscal, \u00c1rea Legal, \u00c1rea Comunicaci\u00f3n, y \u00c1rea Marketing Formaci\u00f3n Continuada Nuestra cultura est\u00e1 basada en ofrecer a todos los integrantes todas las herramientas innovadoras y actuales para conseguir nuevas oportunidades y ventajas para el comercio de la [&hellip;]<\/p>\n","protected":false},"author":1,"featured_media":0,"parent":86,"menu_order":0,"comment_status":"closed","ping_status":"closed","template":"full_width.php","meta":{"ngg_post_thumbnail":0,"_themeisle_gutenberg_block_has_review":false,"footnotes":""},"_links":{"self":[{"href":"http:\/\/www.acypal.com\/WPEC\/wp-json\/wp\/v2\/pages\/34"}],"collection":[{"href":"http:\/\/www.acypal.com\/WPEC\/wp-json\/wp\/v2\/pages"}],"about":[{"href":"http:\/\/www.acypal.com\/WPEC\/wp-json\/wp\/v2\/types\/page"}],"author":[{"embeddable":true,"href":"http:\/\/www.acypal.com\/WPEC\/wp-json\/wp\/v2\/users\/1"}],"replies":[{"embeddable":true,"href":"http:\/\/www.acypal.com\/WPEC\/wp-json\/wp\/v2\/comments?post=34"}],"version-history":[{"count":19,"href":"http:\/\/www.acypal.com\/WPEC\/wp-json\/wp\/v2\/pages\/34\/revisions"}],"predecessor-version":[{"id":646,"href":"http:\/\/www.acypal.com\/WPEC\/wp-json\/wp\/v2\/pages\/34\/revisions\/646"}],"up":[{"embeddable":true,"href":"http:\/\/www.acypal.com\/WPEC\/wp-json\/wp\/v2\/pages\/86"}],"wp:attachment":[{"href":"http:\/\/www.acypal.com\/WPEC\/wp-json\/wp\/v2\/media?parent=34"}],"curies":[{"name":"wp","href":"https:\/\/api.w.org\/{rel}","templated":true}]}}