{"id":2927,"date":"2023-12-27T12:50:46","date_gmt":"2023-12-27T10:50:46","guid":{"rendered":"http:\/\/www.acypal.com\/WPEC\/?page_id=2927"},"modified":"2024-01-28T20:04:15","modified_gmt":"2024-01-28T18:04:15","slug":"participacion-sorteo","status":"publish","type":"page","link":"http:\/\/www.acypal.com\/WPEC\/participacion-sorteo\/","title":{"rendered":"SORTEO DE SAN VALENTIN 2024"},"content":{"rendered":"<div id=\"pl-2927\"  class=\"panel-layout\" ><div id=\"pg-2927-0\"  class=\"panel-grid panel-no-style\" ><div id=\"pgc-2927-0-0\"  class=\"panel-grid-cell panel-grid-cell-empty\" ><\/div><div id=\"pgc-2927-0-1\"  class=\"panel-grid-cell panel-grid-cell-mobile-last\" ><div id=\"panel-2927-0-1-0\" class=\"so-panel widget widget_black-studio-tinymce widget_black_studio_tinymce panel-first-child panel-last-child\" data-index=\"0\" ><div class=\"textwidget\"><p style=\"text-align: center;\">14 DE FEBRERO SORTEO DE SAN VALENTIN 2024<\/p>\n<p style=\"text-align: center;\">Haz tus compras hasta el 14 de Febrero de 2024 en cualquiera de nuestros comercios asociados de ACYPAL y adjuntando el comprobante de compra junto con tus datos de contacto, entrar\u00e1s a participar en el Sorte de 4 cheques regalos valorados en 50 \u20ac cada uno, que podr\u00e1s canjear en cualquier establecimiento ACYPAL hasta el 28 de Febrero.<\/p>\n<p style=\"text-align: center;\">Cuantas m\u00e1s compras en nuestros comercios locales, m\u00e1s oportunidades tendr\u00e1s.<\/p>\n<p style=\"text-align: center;\">\u00a1MUCHA SUERTE A TOD@S!<\/p>\n<\/div><\/div><\/div><div id=\"pgc-2927-0-2\"  class=\"panel-grid-cell panel-grid-cell-empty\" ><\/div><\/div><div id=\"pg-2927-1\"  class=\"panel-grid panel-no-style\" ><div id=\"pgc-2927-1-0\"  class=\"panel-grid-cell panel-grid-cell-empty\" ><\/div><div id=\"pgc-2927-1-1\"  class=\"panel-grid-cell panel-grid-cell-mobile-last\" ><div id=\"panel-2927-1-1-0\" class=\"so-panel widget widget_media_image panel-first-child panel-last-child\" data-index=\"1\" ><img loading=\"lazy\" decoding=\"async\" width=\"720\" height=\"1018\" src=\"http:\/\/www.acypal.com\/WPEC\/wp-content\/uploads\/2024\/01\/San-valentin-724x1024.jpg\" class=\"image wp-image-2984  attachment-large size-large\" alt=\"\" style=\"max-width: 100%; height: auto;\" srcset=\"http:\/\/www.acypal.com\/WPEC\/wp-content\/uploads\/2024\/01\/San-valentin-724x1024.jpg 724w, http:\/\/www.acypal.com\/WPEC\/wp-content\/uploads\/2024\/01\/San-valentin-212x300.jpg 212w, http:\/\/www.acypal.com\/WPEC\/wp-content\/uploads\/2024\/01\/San-valentin-768x1086.jpg 768w, http:\/\/www.acypal.com\/WPEC\/wp-content\/uploads\/2024\/01\/San-valentin-1086x1536.jpg 1086w, http:\/\/www.acypal.com\/WPEC\/wp-content\/uploads\/2024\/01\/San-valentin-1448x2048.jpg 1448w, http:\/\/www.acypal.com\/WPEC\/wp-content\/uploads\/2024\/01\/San-valentin-scaled.jpg 1810w\" sizes=\"(max-width: 720px) 100vw, 720px\" \/><\/div><\/div><div id=\"pgc-2927-1-2\"  class=\"panel-grid-cell panel-grid-cell-empty\" ><\/div><\/div><div id=\"pg-2927-2\"  class=\"panel-grid panel-no-style\" ><div id=\"pgc-2927-2-0\"  class=\"panel-grid-cell panel-grid-cell-empty\" ><\/div><div id=\"pgc-2927-2-1\"  class=\"panel-grid-cell panel-grid-cell-mobile-last\" ><div id=\"panel-2927-2-1-0\" class=\"so-panel widget widget_text panel-first-child panel-last-child\" data-index=\"2\" >\t\t\t<div class=\"textwidget\"><div role=\"form\" class=\"wpcf7\" id=\"wpcf7-f2922-o1\" lang=\"es-ES\" dir=\"ltr\">\n<div class=\"screen-reader-response\"><\/div>\n<form action=\"\/WPEC\/wp-json\/wp\/v2\/pages\/2927#wpcf7-f2922-o1\" method=\"post\" class=\"wpcf7-form\" enctype=\"multipart\/form-data\" novalidate=\"novalidate\">\n<div style=\"display: none;\">\n<input type=\"hidden\" name=\"_wpcf7\" value=\"2922\" \/>\n<input type=\"hidden\" name=\"_wpcf7_version\" value=\"5.1.1\" \/>\n<input type=\"hidden\" name=\"_wpcf7_locale\" value=\"es_ES\" \/>\n<input type=\"hidden\" name=\"_wpcf7_unit_tag\" value=\"wpcf7-f2922-o1\" \/>\n<input type=\"hidden\" name=\"_wpcf7_container_post\" value=\"0\" \/>\n<input type=\"hidden\" name=\"g-recaptcha-response\" value=\"\" \/>\n<\/div>\n<p><label> N\u00ba de TICKET<br \/>\n    <span class=\"wpcf7-form-control-wrap NTICKET\"><input type=\"text\" name=\"NTICKET\" value=\"\" size=\"40\" class=\"wpcf7-form-control wpcf7-text wpcf7-validates-as-required\" aria-required=\"true\" aria-invalid=\"false\" \/><\/span> <\/label><\/p>\n<p><\/label> LISTADO DE COMERCIOS<br \/>\n<span class=\"wpcf7-form-control-wrap listadocomercios\"><select name=\"listadocomercios\" class=\"wpcf7-form-control wpcf7-select\" aria-invalid=\"false\"><option value=\"\">---<\/option><option value=\"Asesor\u00eda Vadell\">Asesor\u00eda Vadell<\/option><option value=\"Administraci\u00f3n Loter\u00eda n\u00ba1\">Administraci\u00f3n Loter\u00eda n\u00ba1<\/option><option value=\"Arros Tartana Foods\">Arros Tartana Foods<\/option><option value=\"Chukypels\">Chukypels<\/option><option value=\"Cristaler\u00eda Ra\u00fal\">Cristaler\u00eda Ra\u00fal<\/option><option value=\"Emilio Rotgl\u00e0 Joiers\">Emilio Rotgl\u00e0 Joiers<\/option><option value=\"Gomar Joyeros\">Gomar Joyeros<\/option><option value=\"Nelos Peluqueros\">Nelos Peluqueros<\/option><option value=\"Plumier Inform\u00e1tica\">Plumier Inform\u00e1tica<\/option><option value=\"Quina Dona\">Quina Dona<\/option><option value=\"Quique Amarg\u00f3s Fot\u00f3grafo\">Quique Amarg\u00f3s Fot\u00f3grafo<\/option><option value=\"Reis-K Comidas\">Reis-K Comidas<\/option><option value=\"Spot Valencia\">Spot Valencia<\/option><option value=\"Textils Nuria\">Textils Nuria<\/option><option value=\"Vins i M\u00e9s Vinoteca\">Vins i M\u00e9s Vinoteca<\/option><\/select><\/span> <\/label><\/p>\n<p><label> NOMBRE DEL PARTICIPANTE<br \/>\n    <span class=\"wpcf7-form-control-wrap your-name\"><input type=\"text\" name=\"your-name\" value=\"\" size=\"40\" class=\"wpcf7-form-control wpcf7-text wpcf7-validates-as-required\" aria-required=\"true\" aria-invalid=\"false\" \/><\/span> <\/label><\/p>\n<p><label> TEL\u00c9FONO DEL PARTICIPANTE<br \/>\n    <span class=\"wpcf7-form-control-wrap tel-7\"><input type=\"tel\" name=\"tel-7\" value=\"\" size=\"40\" class=\"wpcf7-form-control wpcf7-text wpcf7-tel wpcf7-validates-as-required wpcf7-validates-as-tel\" aria-required=\"true\" aria-invalid=\"false\" \/><\/span> <\/label><\/p>\n<p><label> CORREO ELECTR\u00d3NICO DEL PARTICIPANTE<br \/>\n    <span class=\"wpcf7-form-control-wrap your-email\"><input type=\"email\" name=\"your-email\" value=\"\" size=\"40\" class=\"wpcf7-form-control wpcf7-text wpcf7-email wpcf7-validates-as-required wpcf7-validates-as-email\" aria-required=\"true\" aria-invalid=\"false\" \/><\/span> <\/label><\/p>\n<p><label> TICKET DE COMPRA<br \/>\n<span class=\"wpcf7-form-control-wrap TICKETDECOMPRA\"><input type=\"file\" name=\"TICKETDECOMPRA\" size=\"40\" class=\"wpcf7-form-control wpcf7-file wpcf7-validates-as-required\" accept=\".jpg,.jpeg,.png,.gif,.pdf,.doc,.docx,.ppt,.pptx,.odt,.avi,.ogg,.m4a,.mov,.mp3,.mp4,.mpg,.wav,.wmv\" aria-required=\"true\" aria-invalid=\"false\" \/><\/span> <label><\/p>\n<p><input type=\"submit\" value=\"Enviar\" class=\"wpcf7-form-control wpcf7-submit\" \/><\/p>\n<div class=\"wpcf7-response-output wpcf7-display-none\"><\/div><\/form><\/div>\n<\/div>\n\t\t<\/div><\/div><div id=\"pgc-2927-2-2\"  class=\"panel-grid-cell panel-grid-cell-empty\" ><\/div><\/div><\/div>","protected":false},"excerpt":{"rendered":"<p>14 DE FEBRERO SORTEO DE SAN VALENTIN 2024 Haz tus compras hasta el 14 de Febrero de 2024 en cualquiera de nuestros comercios asociados de ACYPAL y adjuntando el comprobante de compra junto con tus datos de contacto, entrar\u00e1s a participar en el Sorte de 4 cheques regalos valorados en 50 \u20ac cada uno, que [&hellip;]<\/p>\n","protected":false},"author":2,"featured_media":0,"parent":0,"menu_order":0,"comment_status":"closed","ping_status":"open","template":"","meta":{"ngg_post_thumbnail":0,"_themeisle_gutenberg_block_has_review":false,"footnotes":""},"_links":{"self":[{"href":"http:\/\/www.acypal.com\/WPEC\/wp-json\/wp\/v2\/pages\/2927"}],"collection":[{"href":"http:\/\/www.acypal.com\/WPEC\/wp-json\/wp\/v2\/pages"}],"about":[{"href":"http:\/\/www.acypal.com\/WPEC\/wp-json\/wp\/v2\/types\/page"}],"author":[{"embeddable":true,"href":"http:\/\/www.acypal.com\/WPEC\/wp-json\/wp\/v2\/users\/2"}],"replies":[{"embeddable":true,"href":"http:\/\/www.acypal.com\/WPEC\/wp-json\/wp\/v2\/comments?post=2927"}],"version-history":[{"count":11,"href":"http:\/\/www.acypal.com\/WPEC\/wp-json\/wp\/v2\/pages\/2927\/revisions"}],"predecessor-version":[{"id":2987,"href":"http:\/\/www.acypal.com\/WPEC\/wp-json\/wp\/v2\/pages\/2927\/revisions\/2987"}],"wp:attachment":[{"href":"http:\/\/www.acypal.com\/WPEC\/wp-json\/wp\/v2\/media?parent=2927"}],"curies":[{"name":"wp","href":"https:\/\/api.w.org\/{rel}","templated":true}]}}