{"id":122,"date":"2014-06-10T02:13:59","date_gmt":"2014-06-10T00:13:59","guid":{"rendered":"http:\/\/www.acypal.com\/WPEC\/?page_id=122"},"modified":"2014-10-29T20:25:05","modified_gmt":"2014-10-29T18:25:05","slug":"galeria-imagenes-acypal","status":"publish","type":"page","link":"http:\/\/www.acypal.com\/WPEC\/galeria-imagenes-acypal\/","title":{"rendered":"Galer\u00eda de im\u00e1genes"},"content":{"rendered":"<div id=\"pl-122\"  class=\"panel-layout\" ><div id=\"pg-122-0\"  class=\"panel-grid panel-no-style\" ><div id=\"pgc-122-0-0\"  class=\"panel-grid-cell\" ><div id=\"panel-122-0-0-0\" class=\"so-panel widget widget_black-studio-tinymce widget_black_studio_tinymce panel-first-child panel-last-child\" data-index=\"0\" ><h3 class=\"widget-title\">Carteler\u00eda<\/h3><div class=\"textwidget\"><p>\n<div class=\"ngg-galleryoverview ngg-slideshow\"\n\tid=\"ngg-slideshow-ceeddf96c745317cccc58c110b11573f-11058468860\"\n\tdata-gallery-id=\"ceeddf96c745317cccc58c110b11573f\"\n\tstyle=\"max-width: 500px;\n\t\t\tmax-height: 333px;\n\t\t\tdisplay: none;\">\n\n\t\n\t\t<a href=\"http:\/\/www.acypal.com\/WPEC\/wp-content\/gallery\/carteleria\/cartel-sandonis-04.jpg\"\n\t\t\ttitle=\"\"\n\t\t\tdata-src=\"http:\/\/www.acypal.com\/WPEC\/wp-content\/gallery\/carteleria\/cartel-sandonis-04.jpg\"\n\t\t\tdata-thumbnail=\"http:\/\/www.acypal.com\/WPEC\/wp-content\/gallery\/carteleria\/thumbs\/thumbs_cartel-sandonis-04.jpg\"\n\t\t\tdata-image-id=\"143\"\n\t\t\tdata-title=\"Cartel Sant Donis 2014\"\n\t\t\tdata-description=\"\"\n\t\t\tclass=\"ngg-fancybox\" rel=\"ceeddf96c745317cccc58c110b11573f\">\n\n\t\t\t<img data-image-id='143'\n\t\t\t\ttitle=\"\"\n\t\t\t\talt=\"Cartel Sant Donis 2014\"\n\t\t\t\tsrc=\"http:\/\/www.acypal.com\/WPEC\/wp-content\/gallery\/carteleria\/cartel-sandonis-04.jpg\"\n\t\t\t\tstyle=\"max-height: 313px;\"\/>\n\t\t<\/a>\n\n\t\t\n\t\t<a href=\"http:\/\/www.acypal.com\/WPEC\/wp-content\/gallery\/carteleria\/cartel-fiestasalfafar.jpg\"\n\t\t\ttitle=\"\"\n\t\t\tdata-src=\"http:\/\/www.acypal.com\/WPEC\/wp-content\/gallery\/carteleria\/cartel-fiestasalfafar.jpg\"\n\t\t\tdata-thumbnail=\"http:\/\/www.acypal.com\/WPEC\/wp-content\/gallery\/carteleria\/thumbs\/thumbs_cartel-fiestasalfafar.jpg\"\n\t\t\tdata-image-id=\"142\"\n\t\t\tdata-title=\"Cartel Fiestas de Alfafar 2014\"\n\t\t\tdata-description=\"\"\n\t\t\tclass=\"ngg-fancybox\" rel=\"ceeddf96c745317cccc58c110b11573f\">\n\n\t\t\t<img data-image-id='142'\n\t\t\t\ttitle=\"\"\n\t\t\t\talt=\"Cartel Fiestas de Alfafar 2014\"\n\t\t\t\tsrc=\"http:\/\/www.acypal.com\/WPEC\/wp-content\/gallery\/carteleria\/cartel-fiestasalfafar.jpg\"\n\t\t\t\tstyle=\"max-height: 313px;\"\/>\n\t\t<\/a>\n\n\t\t\n\t\t<a href=\"http:\/\/www.acypal.com\/WPEC\/wp-content\/gallery\/carteleria\/vuelta-al-cole2014-15-02-02.jpg\"\n\t\t\ttitle=\"\"\n\t\t\tdata-src=\"http:\/\/www.acypal.com\/WPEC\/wp-content\/gallery\/carteleria\/vuelta-al-cole2014-15-02-02.jpg\"\n\t\t\tdata-thumbnail=\"http:\/\/www.acypal.com\/WPEC\/wp-content\/gallery\/carteleria\/thumbs\/thumbs_vuelta-al-cole2014-15-02-02.jpg\"\n\t\t\tdata-image-id=\"156\"\n\t\t\tdata-title=\"Cartel Vuelta al Cole 2014\"\n\t\t\tdata-description=\"\"\n\t\t\tclass=\"ngg-fancybox\" rel=\"ceeddf96c745317cccc58c110b11573f\">\n\n\t\t\t<img data-image-id='156'\n\t\t\t\ttitle=\"\"\n\t\t\t\talt=\"Cartel Vuelta al Cole 2014\"\n\t\t\t\tsrc=\"http:\/\/www.acypal.com\/WPEC\/wp-content\/gallery\/carteleria\/vuelta-al-cole2014-15-02-02.jpg\"\n\t\t\t\tstyle=\"max-height: 313px;\"\/>\n\t\t<\/a>\n\n\t\t\n\t\t<a href=\"http:\/\/www.acypal.com\/WPEC\/wp-content\/gallery\/carteleria\/feriacomercio-web.jpg\"\n\t\t\ttitle=\"\"\n\t\t\tdata-src=\"http:\/\/www.acypal.com\/WPEC\/wp-content\/gallery\/carteleria\/feriacomercio-web.jpg\"\n\t\t\tdata-thumbnail=\"http:\/\/www.acypal.com\/WPEC\/wp-content\/gallery\/carteleria\/thumbs\/thumbs_feriacomercio-web.jpg\"\n\t\t\tdata-image-id=\"153\"\n\t\t\tdata-title=\"Cartel Fer\u00eda del Comercio 2014\"\n\t\t\tdata-description=\"\"\n\t\t\tclass=\"ngg-fancybox\" rel=\"ceeddf96c745317cccc58c110b11573f\">\n\n\t\t\t<img data-image-id='153'\n\t\t\t\ttitle=\"\"\n\t\t\t\talt=\"Cartel Fer\u00eda del Comercio 2014\"\n\t\t\t\tsrc=\"http:\/\/www.acypal.com\/WPEC\/wp-content\/gallery\/carteleria\/feriacomercio-web.jpg\"\n\t\t\t\tstyle=\"max-height: 313px;\"\/>\n\t\t<\/a>\n\n\t\t\n\t\t<a href=\"http:\/\/www.acypal.com\/WPEC\/wp-content\/gallery\/carteleria\/cartel-01-01b.jpg\"\n\t\t\ttitle=\"\"\n\t\t\tdata-src=\"http:\/\/www.acypal.com\/WPEC\/wp-content\/gallery\/carteleria\/cartel-01-01b.jpg\"\n\t\t\tdata-thumbnail=\"http:\/\/www.acypal.com\/WPEC\/wp-content\/gallery\/carteleria\/thumbs\/thumbs_cartel-01-01b.jpg\"\n\t\t\tdata-image-id=\"141\"\n\t\t\tdata-title=\"Cartel D\u00eda de la Madre 2014\"\n\t\t\tdata-description=\"\"\n\t\t\tclass=\"ngg-fancybox\" rel=\"ceeddf96c745317cccc58c110b11573f\">\n\n\t\t\t<img data-image-id='141'\n\t\t\t\ttitle=\"\"\n\t\t\t\talt=\"Cartel D\u00eda de la Madre 2014\"\n\t\t\t\tsrc=\"http:\/\/www.acypal.com\/WPEC\/wp-content\/gallery\/carteleria\/cartel-01-01b.jpg\"\n\t\t\t\tstyle=\"max-height: 313px;\"\/>\n\t\t<\/a>\n\n\t\t\n\t\t<a href=\"http:\/\/www.acypal.com\/WPEC\/wp-content\/gallery\/carteleria\/concursofallas-baja_0.jpg\"\n\t\t\ttitle=\"\"\n\t\t\tdata-src=\"http:\/\/www.acypal.com\/WPEC\/wp-content\/gallery\/carteleria\/concursofallas-baja_0.jpg\"\n\t\t\tdata-thumbnail=\"http:\/\/www.acypal.com\/WPEC\/wp-content\/gallery\/carteleria\/thumbs\/thumbs_concursofallas-baja_0.jpg\"\n\t\t\tdata-image-id=\"149\"\n\t\t\tdata-title=\"Cartel Concurso Fallas 2014\"\n\t\t\tdata-description=\"\"\n\t\t\tclass=\"ngg-fancybox\" rel=\"ceeddf96c745317cccc58c110b11573f\">\n\n\t\t\t<img data-image-id='149'\n\t\t\t\ttitle=\"\"\n\t\t\t\talt=\"Cartel Concurso Fallas 2014\"\n\t\t\t\tsrc=\"http:\/\/www.acypal.com\/WPEC\/wp-content\/gallery\/carteleria\/concursofallas-baja_0.jpg\"\n\t\t\t\tstyle=\"max-height: 313px;\"\/>\n\t\t<\/a>\n\n\t\t\n\t\t<a href=\"http:\/\/www.acypal.com\/WPEC\/wp-content\/gallery\/carteleria\/cartelsanvalentin_14-da.jpg\"\n\t\t\ttitle=\"\"\n\t\t\tdata-src=\"http:\/\/www.acypal.com\/WPEC\/wp-content\/gallery\/carteleria\/cartelsanvalentin_14-da.jpg\"\n\t\t\tdata-thumbnail=\"http:\/\/www.acypal.com\/WPEC\/wp-content\/gallery\/carteleria\/thumbs\/thumbs_cartelsanvalentin_14-da.jpg\"\n\t\t\tdata-image-id=\"147\"\n\t\t\tdata-title=\"Cartel San Valent\u00edn 2014\"\n\t\t\tdata-description=\"\"\n\t\t\tclass=\"ngg-fancybox\" rel=\"ceeddf96c745317cccc58c110b11573f\">\n\n\t\t\t<img data-image-id='147'\n\t\t\t\ttitle=\"\"\n\t\t\t\talt=\"Cartel San Valent\u00edn 2014\"\n\t\t\t\tsrc=\"http:\/\/www.acypal.com\/WPEC\/wp-content\/gallery\/carteleria\/cartelsanvalentin_14-da.jpg\"\n\t\t\t\tstyle=\"max-height: 313px;\"\/>\n\t\t<\/a>\n\n\t\t\n\t\t<a href=\"http:\/\/www.acypal.com\/WPEC\/wp-content\/gallery\/carteleria\/cartelrasca.jpg\"\n\t\t\ttitle=\"\"\n\t\t\tdata-src=\"http:\/\/www.acypal.com\/WPEC\/wp-content\/gallery\/carteleria\/cartelrasca.jpg\"\n\t\t\tdata-thumbnail=\"http:\/\/www.acypal.com\/WPEC\/wp-content\/gallery\/carteleria\/thumbs\/thumbs_cartelrasca.jpg\"\n\t\t\tdata-image-id=\"146\"\n\t\t\tdata-title=\"Cartel Navidad 2013\"\n\t\t\tdata-description=\"\"\n\t\t\tclass=\"ngg-fancybox\" rel=\"ceeddf96c745317cccc58c110b11573f\">\n\n\t\t\t<img data-image-id='146'\n\t\t\t\ttitle=\"\"\n\t\t\t\talt=\"Cartel Navidad 2013\"\n\t\t\t\tsrc=\"http:\/\/www.acypal.com\/WPEC\/wp-content\/gallery\/carteleria\/cartelrasca.jpg\"\n\t\t\t\tstyle=\"max-height: 313px;\"\/>\n\t\t<\/a>\n\n\t\t\n\t\t<a href=\"http:\/\/www.acypal.com\/WPEC\/wp-content\/gallery\/carteleria\/loteriaacypal-low.jpg\"\n\t\t\ttitle=\"\"\n\t\t\tdata-src=\"http:\/\/www.acypal.com\/WPEC\/wp-content\/gallery\/carteleria\/loteriaacypal-low.jpg\"\n\t\t\tdata-thumbnail=\"http:\/\/www.acypal.com\/WPEC\/wp-content\/gallery\/carteleria\/thumbs\/thumbs_loteriaacypal-low.jpg\"\n\t\t\tdata-image-id=\"154\"\n\t\t\tdata-title=\"Cartel Loter\u00eda Navidad 2014\"\n\t\t\tdata-description=\"\"\n\t\t\tclass=\"ngg-fancybox\" rel=\"ceeddf96c745317cccc58c110b11573f\">\n\n\t\t\t<img data-image-id='154'\n\t\t\t\ttitle=\"\"\n\t\t\t\talt=\"Cartel Loter\u00eda Navidad 2014\"\n\t\t\t\tsrc=\"http:\/\/www.acypal.com\/WPEC\/wp-content\/gallery\/carteleria\/loteriaacypal-low.jpg\"\n\t\t\t\tstyle=\"max-height: 313px;\"\/>\n\t\t<\/a>\n\n\t\t\n\t\t<a href=\"http:\/\/www.acypal.com\/WPEC\/wp-content\/gallery\/carteleria\/vuelta-al-cole2013ok-02.jpg\"\n\t\t\ttitle=\"\"\n\t\t\tdata-src=\"http:\/\/www.acypal.com\/WPEC\/wp-content\/gallery\/carteleria\/vuelta-al-cole2013ok-02.jpg\"\n\t\t\tdata-thumbnail=\"http:\/\/www.acypal.com\/WPEC\/wp-content\/gallery\/carteleria\/thumbs\/thumbs_vuelta-al-cole2013ok-02.jpg\"\n\t\t\tdata-image-id=\"155\"\n\t\t\tdata-title=\"Cartel Vuelta al Cole 2013\"\n\t\t\tdata-description=\"\"\n\t\t\tclass=\"ngg-fancybox\" rel=\"ceeddf96c745317cccc58c110b11573f\">\n\n\t\t\t<img data-image-id='155'\n\t\t\t\ttitle=\"\"\n\t\t\t\talt=\"Cartel Vuelta al Cole 2013\"\n\t\t\t\tsrc=\"http:\/\/www.acypal.com\/WPEC\/wp-content\/gallery\/carteleria\/vuelta-al-cole2013ok-02.jpg\"\n\t\t\t\tstyle=\"max-height: 313px;\"\/>\n\t\t<\/a>\n\n\t\t\n\t\t<a href=\"http:\/\/www.acypal.com\/WPEC\/wp-content\/gallery\/carteleria\/CartelFeriaComercionew_P%C3%A1gina_2.jpg\"\n\t\t\ttitle=\"\"\n\t\t\tdata-src=\"http:\/\/www.acypal.com\/WPEC\/wp-content\/gallery\/carteleria\/CartelFeriaComercionew_P%C3%A1gina_2.jpg\"\n\t\t\tdata-thumbnail=\"http:\/\/www.acypal.com\/WPEC\/wp-content\/gallery\/carteleria\/thumbs\/thumbs_CartelFeriaComercionew_P%C3%A1gina_2.jpg\"\n\t\t\tdata-image-id=\"157\"\n\t\t\tdata-title=\"CartelFeriaComercionew_P\u00e1gina_2\"\n\t\t\tdata-description=\"\"\n\t\t\tclass=\"ngg-fancybox\" rel=\"ceeddf96c745317cccc58c110b11573f\">\n\n\t\t\t<img data-image-id='157'\n\t\t\t\ttitle=\"\"\n\t\t\t\talt=\"CartelFeriaComercionew_P\u00e1gina_2\"\n\t\t\t\tsrc=\"http:\/\/www.acypal.com\/WPEC\/wp-content\/gallery\/carteleria\/CartelFeriaComercionew_P%C3%A1gina_2.jpg\"\n\t\t\t\tstyle=\"max-height: 313px;\"\/>\n\t\t<\/a>\n\n\t\t\n\t\t<a href=\"http:\/\/www.acypal.com\/WPEC\/wp-content\/gallery\/carteleria\/diadellibro_21abr13.jpg\"\n\t\t\ttitle=\"\"\n\t\t\tdata-src=\"http:\/\/www.acypal.com\/WPEC\/wp-content\/gallery\/carteleria\/diadellibro_21abr13.jpg\"\n\t\t\tdata-thumbnail=\"http:\/\/www.acypal.com\/WPEC\/wp-content\/gallery\/carteleria\/thumbs\/thumbs_diadellibro_21abr13.jpg\"\n\t\t\tdata-image-id=\"151\"\n\t\t\tdata-title=\"Cartel Feria del Libro 2013\"\n\t\t\tdata-description=\"\"\n\t\t\tclass=\"ngg-fancybox\" rel=\"ceeddf96c745317cccc58c110b11573f\">\n\n\t\t\t<img data-image-id='151'\n\t\t\t\ttitle=\"\"\n\t\t\t\talt=\"Cartel Feria del Libro 2013\"\n\t\t\t\tsrc=\"http:\/\/www.acypal.com\/WPEC\/wp-content\/gallery\/carteleria\/diadellibro_21abr13.jpg\"\n\t\t\t\tstyle=\"max-height: 313px;\"\/>\n\t\t<\/a>\n\n\t\t\n\t\t<a href=\"http:\/\/www.acypal.com\/WPEC\/wp-content\/gallery\/carteleria\/diamadre-02.jpg\"\n\t\t\ttitle=\"\"\n\t\t\tdata-src=\"http:\/\/www.acypal.com\/WPEC\/wp-content\/gallery\/carteleria\/diamadre-02.jpg\"\n\t\t\tdata-thumbnail=\"http:\/\/www.acypal.com\/WPEC\/wp-content\/gallery\/carteleria\/thumbs\/thumbs_diamadre-02.jpg\"\n\t\t\tdata-image-id=\"152\"\n\t\t\tdata-title=\"Cartel D\u00eda de la Madre 2013\"\n\t\t\tdata-description=\"\"\n\t\t\tclass=\"ngg-fancybox\" rel=\"ceeddf96c745317cccc58c110b11573f\">\n\n\t\t\t<img data-image-id='152'\n\t\t\t\ttitle=\"\"\n\t\t\t\talt=\"Cartel D\u00eda de la Madre 2013\"\n\t\t\t\tsrc=\"http:\/\/www.acypal.com\/WPEC\/wp-content\/gallery\/carteleria\/diamadre-02.jpg\"\n\t\t\t\tstyle=\"max-height: 313px;\"\/>\n\t\t<\/a>\n\n\t\t\n\t\t<a href=\"http:\/\/www.acypal.com\/WPEC\/wp-content\/gallery\/carteleria\/concursofallas-baja.jpg\"\n\t\t\ttitle=\"\"\n\t\t\tdata-src=\"http:\/\/www.acypal.com\/WPEC\/wp-content\/gallery\/carteleria\/concursofallas-baja.jpg\"\n\t\t\tdata-thumbnail=\"http:\/\/www.acypal.com\/WPEC\/wp-content\/gallery\/carteleria\/thumbs\/thumbs_concursofallas-baja.jpg\"\n\t\t\tdata-image-id=\"148\"\n\t\t\tdata-title=\"Cartel Concurso Fallas 2013\"\n\t\t\tdata-description=\"\"\n\t\t\tclass=\"ngg-fancybox\" rel=\"ceeddf96c745317cccc58c110b11573f\">\n\n\t\t\t<img data-image-id='148'\n\t\t\t\ttitle=\"\"\n\t\t\t\talt=\"Cartel Concurso Fallas 2013\"\n\t\t\t\tsrc=\"http:\/\/www.acypal.com\/WPEC\/wp-content\/gallery\/carteleria\/concursofallas-baja.jpg\"\n\t\t\t\tstyle=\"max-height: 313px;\"\/>\n\t\t<\/a>\n\n\t\t\n\t\t<a href=\"http:\/\/www.acypal.com\/WPEC\/wp-content\/gallery\/carteleria\/diadelarbol_24feb-01.jpg\"\n\t\t\ttitle=\"\"\n\t\t\tdata-src=\"http:\/\/www.acypal.com\/WPEC\/wp-content\/gallery\/carteleria\/diadelarbol_24feb-01.jpg\"\n\t\t\tdata-thumbnail=\"http:\/\/www.acypal.com\/WPEC\/wp-content\/gallery\/carteleria\/thumbs\/thumbs_diadelarbol_24feb-01.jpg\"\n\t\t\tdata-image-id=\"150\"\n\t\t\tdata-title=\"Cartel D\u00eda del Arbol\"\n\t\t\tdata-description=\"\"\n\t\t\tclass=\"ngg-fancybox\" rel=\"ceeddf96c745317cccc58c110b11573f\">\n\n\t\t\t<img data-image-id='150'\n\t\t\t\ttitle=\"\"\n\t\t\t\talt=\"Cartel D\u00eda del Arbol\"\n\t\t\t\tsrc=\"http:\/\/www.acypal.com\/WPEC\/wp-content\/gallery\/carteleria\/diadelarbol_24feb-01.jpg\"\n\t\t\t\tstyle=\"max-height: 313px;\"\/>\n\t\t<\/a>\n\n\t\t\n\t\t<a href=\"http:\/\/www.acypal.com\/WPEC\/wp-content\/gallery\/carteleria\/cartelnavidad_okcliente.jpg\"\n\t\t\ttitle=\"\"\n\t\t\tdata-src=\"http:\/\/www.acypal.com\/WPEC\/wp-content\/gallery\/carteleria\/cartelnavidad_okcliente.jpg\"\n\t\t\tdata-thumbnail=\"http:\/\/www.acypal.com\/WPEC\/wp-content\/gallery\/carteleria\/thumbs\/thumbs_cartelnavidad_okcliente.jpg\"\n\t\t\tdata-image-id=\"145\"\n\t\t\tdata-title=\"Cartel Navidad 2012\"\n\t\t\tdata-description=\"\"\n\t\t\tclass=\"ngg-fancybox\" rel=\"ceeddf96c745317cccc58c110b11573f\">\n\n\t\t\t<img data-image-id='145'\n\t\t\t\ttitle=\"\"\n\t\t\t\talt=\"Cartel Navidad 2012\"\n\t\t\t\tsrc=\"http:\/\/www.acypal.com\/WPEC\/wp-content\/gallery\/carteleria\/cartelnavidad_okcliente.jpg\"\n\t\t\t\tstyle=\"max-height: 313px;\"\/>\n\t\t<\/a>\n\n\t\t<\/div>\n\n\n<\/p>\n<\/div><\/div><\/div><\/div><div id=\"pg-122-1\"  class=\"panel-grid panel-no-style\" ><div id=\"pgc-122-1-0\"  class=\"panel-grid-cell\" ><div id=\"panel-122-1-0-0\" class=\"so-panel widget widget_black-studio-tinymce widget_black_studio_tinymce panel-first-child\" data-index=\"1\" ><h3 class=\"widget-title\">Im\u00e1genes ACYPAL 2014<\/h3><div class=\"textwidget\"><p><div class=\"ngg-albumoverview default-view\">\n\t\t\t<div class=\"ngg-album\">\n\t\t\t<div class=\"ngg-albumcontent\">\n\t\t\t\t<div class=\"ngg-thumbnail\">\n\t\t\t\t\t<a class='gallery_link' href='http:\/\/www.acypal.com\/WPEC\/galeria-imagenes-acypal\/nggallery\/2014\/asamblea-general-2014'>\n\t\t\t\t\t\t<img class=\"Thumb\"\n\t\t\t\t\t\t\talt=\"Asamblea general 2014\"\n\t\t\t\t\t\t\tsrc=\"http:\/\/www.acypal.com\/WPEC\/wp-content\/gallery\/asamblea-general-2014\/cache\/img_20140612_215841.jpg-nggid03140-ngg0dyn-91x68-00f0w010c011r110f110r010t010.jpg\"\/>\n\t\t\t\t\t<\/a>\n\t\t\t\t<\/div>\n\t\t\t\t<div class=\"ngg-albumtitle\">\n\t\t\t\t\t<a class='gallery_link' href='http:\/\/www.acypal.com\/WPEC\/galeria-imagenes-acypal\/nggallery\/2014\/asamblea-general-2014'>Asamblea general 2014<\/a>\n\t\t\t\t<\/div>\n\t\t\t\t<div class=\"ngg-description\">\n\t\t\t\t\t<p><\/p>\n\t\t\t\t\t\t\t\t\t\t\t<p class=\"ngg-album-gallery-image-counter\"><strong>1<\/strong>&nbsp;Fotos<\/p>\n\t\t\t\t\t\t\t\t\t<\/div>\n\t\t\t<\/div>\n\t\t<\/div>\n\t\t\t<div class=\"ngg-album\">\n\t\t\t<div class=\"ngg-albumcontent\">\n\t\t\t\t<div class=\"ngg-thumbnail\">\n\t\t\t\t\t<a class='gallery_link' href='http:\/\/www.acypal.com\/WPEC\/galeria-imagenes-acypal\/nggallery\/2014\/feria-del-comercio-y-la-tapa-2014'>\n\t\t\t\t\t\t<img class=\"Thumb\"\n\t\t\t\t\t\t\talt=\"Feria del comercio y la tapa 2014\"\n\t\t\t\t\t\t\tsrc=\"http:\/\/www.acypal.com\/WPEC\/wp-content\/gallery\/feria-del-comercio-y-la-tapa-2014\/cache\/img_20140608_132345.jpg-nggid0290-ngg0dyn-91x68-00f0w010c011r110f110r010t010.jpg\"\/>\n\t\t\t\t\t<\/a>\n\t\t\t\t<\/div>\n\t\t\t\t<div class=\"ngg-albumtitle\">\n\t\t\t\t\t<a class='gallery_link' href='http:\/\/www.acypal.com\/WPEC\/galeria-imagenes-acypal\/nggallery\/2014\/feria-del-comercio-y-la-tapa-2014'>Feria del comercio y la tapa 2014<\/a>\n\t\t\t\t<\/div>\n\t\t\t\t<div class=\"ngg-description\">\n\t\t\t\t\t<p><\/p>\n\t\t\t\t\t\t\t\t\t\t\t<p class=\"ngg-album-gallery-image-counter\"><strong>21<\/strong>&nbsp;Fotos<\/p>\n\t\t\t\t\t\t\t\t\t<\/div>\n\t\t\t<\/div>\n\t\t<\/div>\n\t\t\t<div class=\"ngg-album\">\n\t\t\t<div class=\"ngg-albumcontent\">\n\t\t\t\t<div class=\"ngg-thumbnail\">\n\t\t\t\t\t<a class='gallery_link' href='http:\/\/www.acypal.com\/WPEC\/galeria-imagenes-acypal\/nggallery\/2014\/premios-dia-de-la-madre-2014'>\n\t\t\t\t\t\t<img class=\"Thumb\"\n\t\t\t\t\t\t\talt=\"Premios D\u00eda de la Madre 2014\"\n\t\t\t\t\t\t\tsrc=\"http:\/\/www.acypal.com\/WPEC\/wp-content\/gallery\/premios-dia-de-la-madre-2014\/cache\/img-20140625-wa0000.jpg-nggid03126-ngg0dyn-91x68-00f0w010c011r110f110r010t010.jpg\"\/>\n\t\t\t\t\t<\/a>\n\t\t\t\t<\/div>\n\t\t\t\t<div class=\"ngg-albumtitle\">\n\t\t\t\t\t<a class='gallery_link' href='http:\/\/www.acypal.com\/WPEC\/galeria-imagenes-acypal\/nggallery\/2014\/premios-dia-de-la-madre-2014'>Premios D\u00eda de la Madre 2014<\/a>\n\t\t\t\t<\/div>\n\t\t\t\t<div class=\"ngg-description\">\n\t\t\t\t\t<p><\/p>\n\t\t\t\t\t\t\t\t\t\t\t<p class=\"ngg-album-gallery-image-counter\"><strong>4<\/strong>&nbsp;Fotos<\/p>\n\t\t\t\t\t\t\t\t\t<\/div>\n\t\t\t<\/div>\n\t\t<\/div>\n\t\t\t<div class=\"ngg-album\">\n\t\t\t<div class=\"ngg-albumcontent\">\n\t\t\t\t<div class=\"ngg-thumbnail\">\n\t\t\t\t\t<a class='gallery_link' href='http:\/\/www.acypal.com\/WPEC\/galeria-imagenes-acypal\/nggallery\/2014\/concurso-fallas-2014'>\n\t\t\t\t\t\t<img class=\"Thumb\"\n\t\t\t\t\t\t\talt=\"Concurso Fallas 2014\"\n\t\t\t\t\t\t\tsrc=\"http:\/\/www.acypal.com\/WPEC\/wp-content\/gallery\/concurso-fallas-2014\/cache\/img_20140314_105647.jpg-nggid0297-ngg0dyn-91x68-00f0w010c011r110f110r010t010.jpg\"\/>\n\t\t\t\t\t<\/a>\n\t\t\t\t<\/div>\n\t\t\t\t<div class=\"ngg-albumtitle\">\n\t\t\t\t\t<a class='gallery_link' href='http:\/\/www.acypal.com\/WPEC\/galeria-imagenes-acypal\/nggallery\/2014\/concurso-fallas-2014'>Concurso Fallas 2014<\/a>\n\t\t\t\t<\/div>\n\t\t\t\t<div class=\"ngg-description\">\n\t\t\t\t\t<p><\/p>\n\t\t\t\t\t\t\t\t\t\t\t<p class=\"ngg-album-gallery-image-counter\"><strong>21<\/strong>&nbsp;Fotos<\/p>\n\t\t\t\t\t\t\t\t\t<\/div>\n\t\t\t<\/div>\n\t\t<\/div>\n\t\t<div class='ngg-clear'><\/div><\/div>\n<\/p>\n<\/div><\/div><div id=\"panel-122-1-0-1\" class=\"so-panel widget widget_black-studio-tinymce widget_black_studio_tinymce panel-last-child\" data-index=\"2\" ><h3 class=\"widget-title\">Im\u00e1genes ACYPAL 2013<\/h3><div class=\"textwidget\"><p><div class=\"ngg-albumoverview default-view\">\n\t\t\t<div class=\"ngg-album\">\n\t\t\t<div class=\"ngg-albumcontent\">\n\t\t\t\t<div class=\"ngg-thumbnail\">\n\t\t\t\t\t<a class='gallery_link' href='http:\/\/www.acypal.com\/WPEC\/galeria-imagenes-acypal\/nggallery\/2013\/premio-comercio-veterano-2013'>\n\t\t\t\t\t\t<img class=\"Thumb\"\n\t\t\t\t\t\t\talt=\"Premio Comercio Veterano 2013\"\n\t\t\t\t\t\t\tsrc=\"http:\/\/www.acypal.com\/WPEC\/wp-content\/gallery\/premio-comercio-veterano-2013\/cache\/img_20131222_135744.jpg-nggid03122-ngg0dyn-91x68-00f0w010c011r110f110r010t010.jpg\"\/>\n\t\t\t\t\t<\/a>\n\t\t\t\t<\/div>\n\t\t\t\t<div class=\"ngg-albumtitle\">\n\t\t\t\t\t<a class='gallery_link' href='http:\/\/www.acypal.com\/WPEC\/galeria-imagenes-acypal\/nggallery\/2013\/premio-comercio-veterano-2013'>Premio Comercio Veterano 2013<\/a>\n\t\t\t\t<\/div>\n\t\t\t\t<div class=\"ngg-description\">\n\t\t\t\t\t<p><\/p>\n\t\t\t\t\t\t\t\t\t\t\t<p class=\"ngg-album-gallery-image-counter\"><strong>5<\/strong>&nbsp;Fotos<\/p>\n\t\t\t\t\t\t\t\t\t<\/div>\n\t\t\t<\/div>\n\t\t<\/div>\n\t\t<div class='ngg-clear'><\/div><\/div>\n<\/p>\n<\/div><\/div><\/div><\/div><\/div>","protected":false},"excerpt":{"rendered":"<p>Carteler\u00eda Im\u00e1genes ACYPAL 2014 Asamblea general 2014 1&nbsp;Fotos Feria del comercio y la tapa 2014 21&nbsp;Fotos Premios D\u00eda de la Madre 2014 4&nbsp;Fotos Concurso Fallas 2014 21&nbsp;Fotos Im\u00e1genes ACYPAL 2013 Premio Comercio Veterano 2013 5&nbsp;Fotos<\/p>\n","protected":false},"author":1,"featured_media":127,"parent":0,"menu_order":0,"comment_status":"closed","ping_status":"open","template":"","meta":{"ngg_post_thumbnail":0,"_themeisle_gutenberg_block_has_review":false,"footnotes":""},"_links":{"self":[{"href":"http:\/\/www.acypal.com\/WPEC\/wp-json\/wp\/v2\/pages\/122"}],"collection":[{"href":"http:\/\/www.acypal.com\/WPEC\/wp-json\/wp\/v2\/pages"}],"about":[{"href":"http:\/\/www.acypal.com\/WPEC\/wp-json\/wp\/v2\/types\/page"}],"author":[{"embeddable":true,"href":"http:\/\/www.acypal.com\/WPEC\/wp-json\/wp\/v2\/users\/1"}],"replies":[{"embeddable":true,"href":"http:\/\/www.acypal.com\/WPEC\/wp-json\/wp\/v2\/comments?post=122"}],"version-history":[{"count":42,"href":"http:\/\/www.acypal.com\/WPEC\/wp-json\/wp\/v2\/pages\/122\/revisions"}],"predecessor-version":[{"id":940,"href":"http:\/\/www.acypal.com\/WPEC\/wp-json\/wp\/v2\/pages\/122\/revisions\/940"}],"wp:featuredmedia":[{"embeddable":true,"href":"http:\/\/www.acypal.com\/WPEC\/wp-json\/wp\/v2\/media\/127"}],"wp:attachment":[{"href":"http:\/\/www.acypal.com\/WPEC\/wp-json\/wp\/v2\/media?parent=122"}],"curies":[{"name":"wp","href":"https:\/\/api.w.org\/{rel}","templated":true}]}}